{"id":184,"date":"2021-09-23T07:51:44","date_gmt":"2021-09-23T07:51:44","guid":{"rendered":"https:\/\/t4spm.de\/?page_id=184"},"modified":"2021-09-23T07:58:44","modified_gmt":"2021-09-23T07:58:44","slug":"co2-uhr","status":"publish","type":"page","link":"https:\/\/t4spm.de\/index.php\/co2-uhr\/","title":{"rendered":"Die CO\u00b2 Uhr tickt gegen uns!"},"content":{"rendered":"<h2><a href=\"https:\/\/www.mcc-berlin.net\/fileadmin\/data\/clock\/carbon_clock.htm\">Diese Uhr tickt gegen uns!<\/a><\/h2>\n<p style=\"text-align: center;\"><iframe style=\"width: 600px; height: 340px;\" src=\"https:\/\/www.mcc-berlin.net\/fileadmin\/data\/clock\/carbon_clock.htm?i=3267263\"><\/iframe><\/p>\n<ul>\n<li>Mit Hilfe der folgenden HTML-Codezeile k\u00f6nnen Sie die MCC-CO<sub>2<\/sub>-Uhr in ihre Website einbetten:<br \/>&lt;iframe src=&#8220;https:\/\/www.mcc-berlin.net\/fileadmin\/data\/clock\/carbon_clock.htm?i=3267263&#8243; style=&#8220;width:600px; height:340px;&#8220;&gt;&lt;\/iframe&gt;<\/li>\n<li>Mit Hilfe des folgenden Links k\u00f6nnen Sie die MCC-CO<sub>2<\/sub>-Uhr auf die gesamte Oberfl\u00e4che Ihres Endger\u00e4ts ziehen:<br \/><a href=\"https:\/\/www.mcc-berlin.net\/fileadmin\/data\/clock\/carbon_clock.htm\" target=\"_blank\" rel=\"noopener\">https:\/\/www.mcc-berlin.net\/fileadmin\/data\/clock\/carbon_clock.htm<\/a><\/li>\n<li>Informationen zur j\u00fcngsten Aktualisierung der CO<sub>2<\/sub>-Uhr im Sommer 2021 infolge neuer Zahlen des IPCC finden Sie <a href=\"https:\/\/www.mcc-berlin.net\/news\/meldungen\/meldungen-detail\/article\/mcc-richtet-co2-uhr-auf-neue-zahlen-des-ipcc-aus.html\" target=\"_top\" rel=\"noopener\">hier<\/a>.<\/li>\n<\/ul>\n","protected":false},"excerpt":{"rendered":"<p>Diese Uhr tickt gegen uns! Mit Hilfe der folgenden HTML-Codezeile k\u00f6nnen Sie die MCC-CO2-Uhr in ihre Website einbetten:&lt;iframe src=&#8220;https:\/\/www.mcc-berlin.net\/fileadmin\/data\/clock\/carbon_clock.htm?i=3267263&#8243; style=&#8220;width:600px; height:340px;&#8220;&gt;&lt;\/iframe&gt; Mit Hilfe des folgenden Links k\u00f6nnen Sie die MCC-CO2-Uhr auf die gesamte Oberfl\u00e4che Ihres Endger\u00e4ts ziehen:https:\/\/www.mcc-berlin.net\/fileadmin\/data\/clock\/carbon_clock.htm Informationen zur j\u00fcngsten Aktualisierung der CO2-Uhr im Sommer 2021 infolge neuer Zahlen des IPCC finden Sie hier.<\/p>\n","protected":false},"author":5,"featured_media":0,"parent":0,"menu_order":0,"comment_status":"closed","ping_status":"closed","template":"","meta":{"footnotes":""},"class_list":["post-184","page","type-page","status-publish","hentry"],"_links":{"self":[{"href":"https:\/\/t4spm.de\/index.php\/wp-json\/wp\/v2\/pages\/184","targetHints":{"allow":["GET"]}}],"collection":[{"href":"https:\/\/t4spm.de\/index.php\/wp-json\/wp\/v2\/pages"}],"about":[{"href":"https:\/\/t4spm.de\/index.php\/wp-json\/wp\/v2\/types\/page"}],"author":[{"embeddable":true,"href":"https:\/\/t4spm.de\/index.php\/wp-json\/wp\/v2\/users\/5"}],"replies":[{"embeddable":true,"href":"https:\/\/t4spm.de\/index.php\/wp-json\/wp\/v2\/comments?post=184"}],"version-history":[{"count":17,"href":"https:\/\/t4spm.de\/index.php\/wp-json\/wp\/v2\/pages\/184\/revisions"}],"predecessor-version":[{"id":202,"href":"https:\/\/t4spm.de\/index.php\/wp-json\/wp\/v2\/pages\/184\/revisions\/202"}],"wp:attachment":[{"href":"https:\/\/t4spm.de\/index.php\/wp-json\/wp\/v2\/media?parent=184"}],"curies":[{"name":"wp","href":"https:\/\/api.w.org\/{rel}","templated":true}]}}