{"id":9,"date":"2018-04-04T17:29:04","date_gmt":"2018-04-04T17:29:04","guid":{"rendered":"https:\/\/t4spm.de\/?page_id=9"},"modified":"2021-12-01T06:24:35","modified_gmt":"2021-12-01T06:24:35","slug":"ueber-mich","status":"publish","type":"page","link":"https:\/\/t4spm.de\/index.php\/ueber-mich\/","title":{"rendered":"\u00dcber mich"},"content":{"rendered":"\n<p>und warum  der <strong>Nachhaltigkeitsgedanke in der Projektarbeit <\/strong>so wichtig ist<\/p>\n\n\n<p>Im Jahr 1988 schrieb ich als angehender Maschinenbau Ingenieur\u00a0 meine Diplomarbeit \u00fcber die Einf\u00fchrung der ISO 9001\/9002 in einem schweizerischen KMU.\u00a0 1993 zertifzierte ich als einer der ersten Umweltsytemauditoren der DGQ nach ISO 14001 .<\/p>\n<h6>Erfahrung und \u00dcberzeugung<\/h6>\n<p>Seit 1998\u00a0 berate und trainiere ich Menschen und Organisationen in Sachen risikobewusstes, qualit\u00e4tsf\u00f6rderndes und nachhaltig wirksames Handeln in Projekten mit exzellentem Ergebnis. Eine holistische\u00a0 Aufgabe, der ich mit \u00dcberzeugung &#8211; auch gegen Widerst\u00e4nde &#8211; immer noch gerne nachgehe. Heute Aktiviere ich meine Ressourcen daf\u00fcr,\u00a0 auch dann pr\u00e4sent zu sein, wenn ich es in Person nicht\u00a0 sein darf. Auch das geht, den Umst\u00e4nden angemessen, fast ohne Wirksamkeitsverlust.<\/p>\n<p><!--more--><\/p>\n<p>Nicht Not macht erfinderisch, sondern Not weck nur\u00a0 das, was in uns steckt, wenn wir uns dessen bewusst sind<\/p>\n<p>Das Ungemach namens COVID-19 hat mich erneut darin best\u00e4tigt: <br \/>Nicht das Schnelle und Hektische bleibt, sondern das Langsame, Beharrliche und Konsequente. Denken wir also lieber langsam und gr\u00fcndlich! <br \/>Hektik ist wie Gras an dem man zieht. Es w\u00e4chst nicht schneller, sondern es reisst ab!<\/p>\n<p>Wir d\u00fcrfen nicht dem Glauben nachh\u00e4ngen, dass wir schlauer beim Beseitigen des Problems sind als damals,\u00a0 als wir es in unserem Globalisierungswahn heraufbeschworen haben.<\/p>\n<p>Auch der Abstieg vom Berg birgt Gefahren und zu viel Optimismus schadet jetzt eher als dass er nutzt.<\/p>\n<p>Zuversicht,\u00a0 Beharrlichkeit, Wille, gesundes Ver- und Misstrauen sowie Mut sind die Tugenden im Jetzt-Lebensraum mit allen die ihn teilen, gemeinsam gestalten, um ihn zu erhalten.<\/p>\n<p><br \/>&#8222;Nach mir die Sintflut&#8220; ist definiv schon schon schlecht vor der Sintflut.<\/p>\n<h6>AGILES MANIFEST F\u00dcR langsames DENKEN in PROJEKTEN<\/h6>\n<div class=\"section mcb-section mcb-section-hf5k08k76\">\n<div class=\"section_wrapper mcb-section-inner\">\n<div class=\"wrap mcb-wrap mcb-wrap-xvg6fbkzc one  column-margin-0px valign-top clearfix\">\n<div class=\"mcb-wrap-inner\">\n<div class=\"column mcb-column mcb-item-25ls6od3o one-fifth column_placeholder\">\n<div class=\"placeholder\">Ich schliesse mich deshalb\u00a0 aus tiefer \u00dcberzeugung dem\u00a0 <br \/><span style=\"color: #ffcc00;\"><strong>Manifest f\u00fcr langsames Denken im Projekten<\/strong><\/span> an.<\/div>\n<\/div>\n<div class=\"column mcb-column mcb-item-mxvw79u65 three-fifth column_image\">\n<div class=\"image_frame image_item no_link scale-with-grid no_border\">\n<div class=\"image_wrapper\"><img decoding=\"async\" class=\"scale-with-grid\" title=\"\" src=\"https:\/\/overthefence.com.de\/wp-content\/uploads\/2019\/04\/Manifesto-banner_small_DE.png\" alt=\"Over the Fence\" \/><\/div>\n<\/div>\n<\/div>\n<\/div>\n<\/div>\n<\/div>\n<\/div>\n<div class=\"section mcb-section mcb-section-s1n0zerux\">\n<div class=\"section_wrapper mcb-section-inner\">\n<div class=\"wrap mcb-wrap mcb-wrap-cuimr75v9 one  column-margin-20px valign-top clearfix\">\n<div class=\"mcb-wrap-inner\">\n<div class=\"column mcb-column mcb-item-djypd43mm one column_column\">\n<div class=\"column_attr clearfix align_center\">Wir zeigen Wege f\u00fcr eine bessere Zusammenarbeit in interdisziplin\u00e4ren Projekten auf. Wir sch\u00e4tzen den Wert von:<\/div>\n<\/div>\n<div class=\"column mcb-column mcb-item-j2na9ydb3 one column_column column-margin-0px\">\n<div class=\"column_attr clearfix\">\n<div>\u00a0<\/div>\n<\/div>\n<\/div>\n<\/div>\n<\/div>\n<\/div>\n<\/div>\n\n\n<figure class=\"wp-block-table is-style-stripes\"><table><tbody><tr><td><strong><span class=\"has-inline-color has-luminous-vivid-amber-color\">Fragen<\/span><\/strong><\/td><td>vor<\/td><td>Anworten<\/td><\/tr><tr><td><strong><span class=\"has-inline-color has-luminous-vivid-amber-color\">Beobachten<\/span><\/strong><\/td><td>vor<\/td><td>Bewerten<\/td><\/tr><tr><td><strong><span class=\"has-inline-color has-luminous-vivid-amber-color\">Perspektivwechsel<\/span><\/strong><\/td><td>vor<\/td><td>Standpunkt<\/td><\/tr><tr><td><strong><span class=\"has-inline-color has-luminous-vivid-amber-color\">Selbstreflexion<\/span><\/strong><\/td><td>vor<\/td><td>Fremdkritik<\/td><\/tr><\/tbody><\/table><figcaption>Nicht von mir  aber dennoch gut Quelle (https:\/\/overthefence.com.de\/manifesto\/) <\/figcaption><\/figure>\n\n\n\n<p><\/p>\n\n\n\n<p>Menschen neigen zu \u201eschnellem Denken\u201d. Dies birgt nicht zwingend den erw\u00fcnschten  Effekt.<span class=\"has-inline-color has-luminous-vivid-amber-color\"> Die Aktionen der linken Seite f\u00f6rdern \u201elangsames Denken\u201d<\/span>. Sie steigern die Qualit\u00e4t der rechten Seite und sollten daher bewusst und intensiv gelebt werden.<br><span class=\"has-inline-color has-luminous-vivid-amber-color\"><strong>F\u00fchre die Aktionen der linken Seite immer einmal mehr aus, als Du es intuitiv f\u00fcr notwendig h\u00e4ltst!<\/strong><\/span><\/p>\n\n\n\n<p>Das Manifest kannst Du <a href=\"https:\/\/overthefence.com.de\/manifesto?lang=de\" target=\"_blank\" rel=\"noreferrer noopener\">hier unterzeichnen und herunterladen<\/a>!<\/p>\n","protected":false},"excerpt":{"rendered":"<p>und warum der Nachhaltigkeitsgedanke in der Projektarbeit so wichtig ist Im Jahr 1988 schrieb ich als angehender Maschinenbau Ingenieur\u00a0 meine Diplomarbeit \u00fcber die Einf\u00fchrung der ISO 9001\/9002 in einem schweizerischen KMU.\u00a0 1993 zertifzierte ich als einer der ersten Umweltsytemauditoren der DGQ nach ISO 14001 . Erfahrung und \u00dcberzeugung Seit 1998\u00a0 berate und trainiere ich Menschen &hellip; <\/p>\n<p class=\"link-more\"><a href=\"https:\/\/t4spm.de\/index.php\/ueber-mich\/\" class=\"more-link\"><span class=\"screen-reader-text\">\u201e\u00dcber mich\u201c <\/span>weiterlesen<\/a><\/p>\n","protected":false},"author":5,"featured_media":0,"parent":0,"menu_order":0,"comment_status":"closed","ping_status":"closed","template":"","meta":{"footnotes":""},"class_list":["post-9","page","type-page","status-publish","hentry"],"_links":{"self":[{"href":"https:\/\/t4spm.de\/index.php\/wp-json\/wp\/v2\/pages\/9","targetHints":{"allow":["GET"]}}],"collection":[{"href":"https:\/\/t4spm.de\/index.php\/wp-json\/wp\/v2\/pages"}],"about":[{"href":"https:\/\/t4spm.de\/index.php\/wp-json\/wp\/v2\/types\/page"}],"author":[{"embeddable":true,"href":"https:\/\/t4spm.de\/index.php\/wp-json\/wp\/v2\/users\/5"}],"replies":[{"embeddable":true,"href":"https:\/\/t4spm.de\/index.php\/wp-json\/wp\/v2\/comments?post=9"}],"version-history":[{"count":10,"href":"https:\/\/t4spm.de\/index.php\/wp-json\/wp\/v2\/pages\/9\/revisions"}],"predecessor-version":[{"id":216,"href":"https:\/\/t4spm.de\/index.php\/wp-json\/wp\/v2\/pages\/9\/revisions\/216"}],"wp:attachment":[{"href":"https:\/\/t4spm.de\/index.php\/wp-json\/wp\/v2\/media?parent=9"}],"curies":[{"name":"wp","href":"https:\/\/api.w.org\/{rel}","templated":true}]}}